{"id":35369,"date":"2022-12-06T11:03:30","date_gmt":"2022-12-06T00:03:30","guid":{"rendered":"https:\/\/tdmn.com.au\/app-werbebedingungen\/"},"modified":"2023-03-13T20:27:17","modified_gmt":"2023-03-13T09:27:17","slug":"app-werbebedingungen","status":"publish","type":"page","link":"https:\/\/tdmn.com.au\/de\/app-werbebedingungen\/","title":{"rendered":"App-Werbebedingungen"},"content":{"rendered":"\t\t<div data-elementor-type=\"wp-page\" data-elementor-id=\"35369\" class=\"elementor elementor-35369 elementor-1178\" data-elementor-post-type=\"page\">\n\t\t\t\t\t\t<section class=\"elementor-section elementor-top-section elementor-element elementor-element-4dcbe88 elementor-section-boxed elementor-section-height-default elementor-section-height-default\" data-id=\"4dcbe88\" data-element_type=\"section\" data-e-type=\"section\" data-settings=\"{&quot;background_background&quot;:&quot;classic&quot;}\">\n\t\t\t\t\t\t<div class=\"elementor-container elementor-column-gap-no\">\n\t\t\t\t\t<div class=\"elementor-column elementor-col-100 elementor-top-column elementor-element elementor-element-3c1f7d8\" data-id=\"3c1f7d8\" data-element_type=\"column\" data-e-type=\"column\">\n\t\t\t<div class=\"elementor-widget-wrap elementor-element-populated\">\n\t\t\t\t\t\t<div class=\"elementor-element elementor-element-ff67811 elementor-widget elementor-widget-heading\" data-id=\"ff67811\" data-element_type=\"widget\" data-e-type=\"widget\" data-widget_type=\"heading.default\">\n\t\t\t\t<div class=\"elementor-widget-container\">\n\t\t\t\t\t<h1 class=\"elementor-heading-title elementor-size-default\">sMart Shop App F\u00f6rderungsbedingungen<\/h1>\t\t\t\t<\/div>\n\t\t\t\t<\/div>\n\t\t\t\t<div class=\"elementor-element elementor-element-d78bb9a elementor-widget elementor-widget-heading\" data-id=\"d78bb9a\" data-element_type=\"widget\" data-e-type=\"widget\" data-widget_type=\"heading.default\">\n\t\t\t\t<div class=\"elementor-widget-container\">\n\t\t\t\t\t<div class=\"elementor-heading-title elementor-size-default\">Trolley-Datenmanagement-Netzwerk<\/div>\t\t\t\t<\/div>\n\t\t\t\t<\/div>\n\t\t\t\t\t<\/div>\n\t\t<\/div>\n\t\t\t\t\t<\/div>\n\t\t<\/section>\n\t\t\t\t<section class=\"elementor-section elementor-top-section elementor-element elementor-element-02d69e9 elementor-section-height-min-height elementor-section-boxed elementor-section-height-default elementor-section-items-middle\" data-id=\"02d69e9\" data-element_type=\"section\" data-e-type=\"section\">\n\t\t\t\t\t\t<div class=\"elementor-container elementor-column-gap-default\">\n\t\t\t\t\t<div class=\"elementor-column elementor-col-100 elementor-top-column elementor-element elementor-element-9cb7ac7\" data-id=\"9cb7ac7\" data-element_type=\"column\" data-e-type=\"column\">\n\t\t\t<div class=\"elementor-widget-wrap elementor-element-populated\">\n\t\t\t\t\t\t<div class=\"elementor-element elementor-element-aa0ba4f elementor-widget elementor-widget-heading\" data-id=\"aa0ba4f\" data-element_type=\"widget\" data-e-type=\"widget\" data-widget_type=\"heading.default\">\n\t\t\t\t<div class=\"elementor-widget-container\">\n\t\t\t\t\t<h2 class=\"elementor-heading-title elementor-size-default\">F\u00f6rderungsbedingungen<\/h2>\t\t\t\t<\/div>\n\t\t\t\t<\/div>\n\t\t\t\t<div class=\"elementor-element elementor-element-66667bc elementor-widget elementor-widget-text-editor\" data-id=\"66667bc\" data-element_type=\"widget\" data-e-type=\"widget\" data-widget_type=\"text-editor.default\">\n\t\t\t\t<div class=\"elementor-widget-container\">\n\t\t\t\t\t\t\t\t\t<ul>\n<li>Von Zeit zu Zeit k\u00f6nnen Sonderangebote verf\u00fcgbar sein.<\/li>\n\n<li>Wir behalten uns das Recht vor, Werbeangebote zu begrenzen.<\/li>\n\n<li>Wir behalten uns das Recht vor, Werbeangebote jederzeit zur\u00fcckzuziehen.<\/li>\n\n<li>Falls sMart Locks aus dem Shop entfernt werden, erhalten Sie eine R\u00fcckerstattung f\u00fcr alle aktiven sMart Coins auf Ihrem Konto.<\/li>\n<\/ul>\t\t\t\t\t\t\t\t<\/div>\n\t\t\t\t<\/div>\n\t\t\t\t\t<\/div>\n\t\t<\/div>\n\t\t\t\t\t<\/div>\n\t\t<\/section>\n\t\t\t\t<\/div>\n\t\t","protected":false},"excerpt":{"rendered":"<p>sMart Shop App F\u00f6rderungsbedingungen Trolley-Datenmanagement-Netzwerk F\u00f6rderungsbedingungen Von Zeit zu Zeit k\u00f6nnen Sonderangebote verf\u00fcgbar sein. Wir behalten uns das Recht vor, Werbeangebote zu begrenzen. Wir behalten uns das Recht vor, Werbeangebote jederzeit zur\u00fcckzuziehen. Falls sMart Locks aus dem Shop entfernt werden, erhalten Sie eine R\u00fcckerstattung f\u00fcr alle aktiven sMart Coins auf Ihrem Konto.<\/p>\n","protected":false},"author":1,"featured_media":0,"parent":0,"menu_order":0,"comment_status":"closed","ping_status":"closed","template":"","meta":{"site-sidebar-layout":"no-sidebar","site-content-layout":"page-builder","ast-site-content-layout":"default","site-content-style":"default","site-sidebar-style":"default","ast-global-header-display":"","ast-banner-title-visibility":"","ast-main-header-display":"","ast-hfb-above-header-display":"","ast-hfb-below-header-display":"","ast-hfb-mobile-header-display":"","site-post-title":"disabled","ast-breadcrumbs-content":"disabled","ast-featured-img":"disabled","footer-sml-layout":"","ast-disable-related-posts":"","theme-transparent-header-meta":"enabled","adv-header-id-meta":"","stick-header-meta":"","header-above-stick-meta":"","header-main-stick-meta":"","header-below-stick-meta":"","astra-migrate-meta-layouts":"default","ast-page-background-enabled":"default","ast-page-background-meta":{"desktop":{"background-color":"","background-image":"","background-repeat":"repeat","background-position":"center center","background-size":"auto","background-attachment":"scroll","background-type":"","background-media":"","overlay-type":"","overlay-color":"","overlay-opacity":"","overlay-gradient":""},"tablet":{"background-color":"","background-image":"","background-repeat":"repeat","background-position":"center center","background-size":"auto","background-attachment":"scroll","background-type":"","background-media":"","overlay-type":"","overlay-color":"","overlay-opacity":"","overlay-gradient":""},"mobile":{"background-color":"","background-image":"","background-repeat":"repeat","background-position":"center center","background-size":"auto","background-attachment":"scroll","background-type":"","background-media":"","overlay-type":"","overlay-color":"","overlay-opacity":"","overlay-gradient":""}},"ast-content-background-meta":{"desktop":{"background-color":"var(--ast-global-color-5)","background-image":"","background-repeat":"repeat","background-position":"center center","background-size":"auto","background-attachment":"scroll","background-type":"","background-media":"","overlay-type":"","overlay-color":"","overlay-opacity":"","overlay-gradient":""},"tablet":{"background-color":"var(--ast-global-color-5)","background-image":"","background-repeat":"repeat","background-position":"center center","background-size":"auto","background-attachment":"scroll","background-type":"","background-media":"","overlay-type":"","overlay-color":"","overlay-opacity":"","overlay-gradient":""},"mobile":{"background-color":"var(--ast-global-color-5)","background-image":"","background-repeat":"repeat","background-position":"center center","background-size":"auto","background-attachment":"scroll","background-type":"","background-media":"","overlay-type":"","overlay-color":"","overlay-opacity":"","overlay-gradient":""}},"footnotes":""},"class_list":["post-35369","page","type-page","status-publish","hentry"],"yoast_head":"<!-- This site is optimized with the Yoast SEO plugin v27.3 - https:\/\/yoast.com\/product\/yoast-seo-wordpress\/ -->\n<title>App-Werbebedingungen - Trolley Data Management Network<\/title>\n<meta name=\"robots\" content=\"noindex, follow\" \/>\n<meta property=\"og:locale\" content=\"de_DE\" \/>\n<meta property=\"og:type\" content=\"article\" \/>\n<meta property=\"og:title\" content=\"App-Werbebedingungen - Trolley Data Management Network\" \/>\n<meta property=\"og:description\" content=\"sMart Shop App F\u00f6rderungsbedingungen Trolley-Datenmanagement-Netzwerk F\u00f6rderungsbedingungen Von Zeit zu Zeit k\u00f6nnen Sonderangebote verf\u00fcgbar sein. Wir behalten uns das Recht vor, Werbeangebote zu begrenzen. Wir behalten uns das Recht vor, Werbeangebote jederzeit zur\u00fcckzuziehen. Falls sMart Locks aus dem Shop entfernt werden, erhalten Sie eine R\u00fcckerstattung f\u00fcr alle aktiven sMart Coins auf Ihrem Konto.\" \/>\n<meta property=\"og:url\" content=\"https:\/\/tdmn.com.au\/de\/app-werbebedingungen\/\" \/>\n<meta property=\"og:site_name\" content=\"Trolley Data Management Network\" \/>\n<meta property=\"article:modified_time\" content=\"2023-03-13T09:27:17+00:00\" \/>\n<meta name=\"twitter:card\" content=\"summary_large_image\" \/>\n<script type=\"application\/ld+json\" class=\"yoast-schema-graph\">{\"@context\":\"https:\\\/\\\/schema.org\",\"@graph\":[{\"@type\":\"WebPage\",\"@id\":\"https:\\\/\\\/tdmn.com.au\\\/de\\\/app-werbebedingungen\\\/\",\"url\":\"https:\\\/\\\/tdmn.com.au\\\/de\\\/app-werbebedingungen\\\/\",\"name\":\"App-Werbebedingungen - Trolley Data Management Network\",\"isPartOf\":{\"@id\":\"https:\\\/\\\/tdmn.com.au\\\/de\\\/#website\"},\"datePublished\":\"2022-12-06T00:03:30+00:00\",\"dateModified\":\"2023-03-13T09:27:17+00:00\",\"breadcrumb\":{\"@id\":\"https:\\\/\\\/tdmn.com.au\\\/de\\\/app-werbebedingungen\\\/#breadcrumb\"},\"inLanguage\":\"de\",\"potentialAction\":[{\"@type\":\"ReadAction\",\"target\":[\"https:\\\/\\\/tdmn.com.au\\\/de\\\/app-werbebedingungen\\\/\"]}]},{\"@type\":\"BreadcrumbList\",\"@id\":\"https:\\\/\\\/tdmn.com.au\\\/de\\\/app-werbebedingungen\\\/#breadcrumb\",\"itemListElement\":[{\"@type\":\"ListItem\",\"position\":1,\"name\":\"Home\",\"item\":\"https:\\\/\\\/tdmn.com.au\\\/de\\\/startseite\\\/\"},{\"@type\":\"ListItem\",\"position\":2,\"name\":\"App-Werbebedingungen\"}]},{\"@type\":\"WebSite\",\"@id\":\"https:\\\/\\\/tdmn.com.au\\\/de\\\/#website\",\"url\":\"https:\\\/\\\/tdmn.com.au\\\/de\\\/\",\"name\":\"Trolley Data Management Network\",\"description\":\"Smart infrastructure for moving assets\",\"publisher\":{\"@id\":\"https:\\\/\\\/tdmn.com.au\\\/de\\\/#organization\"},\"potentialAction\":[{\"@type\":\"SearchAction\",\"target\":{\"@type\":\"EntryPoint\",\"urlTemplate\":\"https:\\\/\\\/tdmn.com.au\\\/de\\\/?s={search_term_string}\"},\"query-input\":{\"@type\":\"PropertyValueSpecification\",\"valueRequired\":true,\"valueName\":\"search_term_string\"}}],\"inLanguage\":\"de\"},{\"@type\":\"Organization\",\"@id\":\"https:\\\/\\\/tdmn.com.au\\\/de\\\/#organization\",\"name\":\"Trolley Data Management Network\",\"url\":\"https:\\\/\\\/tdmn.com.au\\\/de\\\/\",\"logo\":{\"@type\":\"ImageObject\",\"inLanguage\":\"de\",\"@id\":\"https:\\\/\\\/tdmn.com.au\\\/de\\\/#\\\/schema\\\/logo\\\/image\\\/\",\"url\":\"https:\\\/\\\/tdmn.com.au\\\/wp-content\\\/uploads\\\/2022\\\/11\\\/trolley-data-management-network-logo.png\",\"contentUrl\":\"https:\\\/\\\/tdmn.com.au\\\/wp-content\\\/uploads\\\/2022\\\/11\\\/trolley-data-management-network-logo.png\",\"width\":491,\"height\":105,\"caption\":\"Trolley Data Management Network\"},\"image\":{\"@id\":\"https:\\\/\\\/tdmn.com.au\\\/de\\\/#\\\/schema\\\/logo\\\/image\\\/\"}}]}<\/script>\n<!-- \/ Yoast SEO plugin. -->","yoast_head_json":{"title":"App-Werbebedingungen - Trolley Data Management Network","robots":{"index":"noindex","follow":"follow"},"og_locale":"de_DE","og_type":"article","og_title":"App-Werbebedingungen - Trolley Data Management Network","og_description":"sMart Shop App F\u00f6rderungsbedingungen Trolley-Datenmanagement-Netzwerk F\u00f6rderungsbedingungen Von Zeit zu Zeit k\u00f6nnen Sonderangebote verf\u00fcgbar sein. Wir behalten uns das Recht vor, Werbeangebote zu begrenzen. Wir behalten uns das Recht vor, Werbeangebote jederzeit zur\u00fcckzuziehen. Falls sMart Locks aus dem Shop entfernt werden, erhalten Sie eine R\u00fcckerstattung f\u00fcr alle aktiven sMart Coins auf Ihrem Konto.","og_url":"https:\/\/tdmn.com.au\/de\/app-werbebedingungen\/","og_site_name":"Trolley Data Management Network","article_modified_time":"2023-03-13T09:27:17+00:00","twitter_card":"summary_large_image","schema":{"@context":"https:\/\/schema.org","@graph":[{"@type":"WebPage","@id":"https:\/\/tdmn.com.au\/de\/app-werbebedingungen\/","url":"https:\/\/tdmn.com.au\/de\/app-werbebedingungen\/","name":"App-Werbebedingungen - Trolley Data Management Network","isPartOf":{"@id":"https:\/\/tdmn.com.au\/de\/#website"},"datePublished":"2022-12-06T00:03:30+00:00","dateModified":"2023-03-13T09:27:17+00:00","breadcrumb":{"@id":"https:\/\/tdmn.com.au\/de\/app-werbebedingungen\/#breadcrumb"},"inLanguage":"de","potentialAction":[{"@type":"ReadAction","target":["https:\/\/tdmn.com.au\/de\/app-werbebedingungen\/"]}]},{"@type":"BreadcrumbList","@id":"https:\/\/tdmn.com.au\/de\/app-werbebedingungen\/#breadcrumb","itemListElement":[{"@type":"ListItem","position":1,"name":"Home","item":"https:\/\/tdmn.com.au\/de\/startseite\/"},{"@type":"ListItem","position":2,"name":"App-Werbebedingungen"}]},{"@type":"WebSite","@id":"https:\/\/tdmn.com.au\/de\/#website","url":"https:\/\/tdmn.com.au\/de\/","name":"Trolley Data Management Network","description":"Smart infrastructure for moving assets","publisher":{"@id":"https:\/\/tdmn.com.au\/de\/#organization"},"potentialAction":[{"@type":"SearchAction","target":{"@type":"EntryPoint","urlTemplate":"https:\/\/tdmn.com.au\/de\/?s={search_term_string}"},"query-input":{"@type":"PropertyValueSpecification","valueRequired":true,"valueName":"search_term_string"}}],"inLanguage":"de"},{"@type":"Organization","@id":"https:\/\/tdmn.com.au\/de\/#organization","name":"Trolley Data Management Network","url":"https:\/\/tdmn.com.au\/de\/","logo":{"@type":"ImageObject","inLanguage":"de","@id":"https:\/\/tdmn.com.au\/de\/#\/schema\/logo\/image\/","url":"https:\/\/tdmn.com.au\/wp-content\/uploads\/2022\/11\/trolley-data-management-network-logo.png","contentUrl":"https:\/\/tdmn.com.au\/wp-content\/uploads\/2022\/11\/trolley-data-management-network-logo.png","width":491,"height":105,"caption":"Trolley Data Management Network"},"image":{"@id":"https:\/\/tdmn.com.au\/de\/#\/schema\/logo\/image\/"}}]}},"_links":{"self":[{"href":"https:\/\/tdmn.com.au\/de\/wp-json\/wp\/v2\/pages\/35369","targetHints":{"allow":["GET"]}}],"collection":[{"href":"https:\/\/tdmn.com.au\/de\/wp-json\/wp\/v2\/pages"}],"about":[{"href":"https:\/\/tdmn.com.au\/de\/wp-json\/wp\/v2\/types\/page"}],"author":[{"embeddable":true,"href":"https:\/\/tdmn.com.au\/de\/wp-json\/wp\/v2\/users\/1"}],"replies":[{"embeddable":true,"href":"https:\/\/tdmn.com.au\/de\/wp-json\/wp\/v2\/comments?post=35369"}],"version-history":[{"count":0,"href":"https:\/\/tdmn.com.au\/de\/wp-json\/wp\/v2\/pages\/35369\/revisions"}],"wp:attachment":[{"href":"https:\/\/tdmn.com.au\/de\/wp-json\/wp\/v2\/media?parent=35369"}],"curies":[{"name":"wp","href":"https:\/\/api.w.org\/{rel}","templated":true}]}}